{"id":2,"date":"2014-04-27T09:56:18","date_gmt":"2014-04-27T09:56:18","guid":{"rendered":"https:\/\/blog.olimar.de\/?page_id=2"},"modified":"2023-08-31T12:32:40","modified_gmt":"2023-08-31T11:32:40","slug":"impressum","status":"publish","type":"page","link":"https:\/\/blog.olimar.de\/impressum\/","title":{"rendered":"Impressum | Sonnenseiten"},"content":{"rendered":"<p>Angaben gem\u00e4\u00df \u00a7 5 TMG:<br \/>\nOLIMAR Reisen Vertriebs GmbH<br \/>\nGlockengasse 2<br \/>\n50667 K\u00f6ln<\/p>\n<p>Vertreten durch:<br \/>\nPascal Zahn<\/p>\n<p>Kontakt:<br \/>\nTelefon: +49 221 20 590 0<br \/>\nTelefax: +49 221 20 590 599<br \/>\nEmail: info@olimar.com<\/p>\n<p>Registereintrag:<br \/>\nEintragung im Handelsregister.<br \/>\nRegistergericht: Amtsgericht K\u00f6ln<br \/>\nRegisternummer: HRB 52319<\/p>\n<p>Umsatzsteuer-ID:<br \/>\nUmsatzsteuer-Identifikationsnummer gem\u00e4\u00df \u00a727 a Umsatzsteuergesetz: DE 234358423<\/p>\n<p>Verantwortlich f\u00fcr den Inhalt nach \u00a7 55 Abs. 2 RStV:<br \/>\nPascal Zahn<\/p>\n<p>Haftungsausschluss \/ Haftung f\u00fcr Inhalte:<br \/>\nDie Inhalte unserer Seiten wurden mit gr\u00f6\u00dfter Sorgfalt erstellt. F\u00fcr die Richtigkeit, Vollst\u00e4ndigkeit und Aktualit\u00e4t der Inhalte k\u00f6nnen wir jedoch keine Gew\u00e4hr \u00fcbernehmen. Als Diensteanbieter sind wir gem\u00e4\u00df \u00a7 7 Abs.1 TMG f\u00fcr eigene Inhalte auf diesen Seiten nach den allgemeinen Gesetzen verantwortlich. Nach \u00a7\u00a7 8 bis 10 TMG sind wir als Diensteanbieter jedoch nicht verpflichtet, \u00fcbermittelte oder gespeicherte fremde Informationen zu \u00fcberwachen oder nach Umst\u00e4nden zu forschen, die auf eine rechtswidrige T\u00e4tigkeit hinweisen. Verpflichtungen zur Entfernung oder Sperrung der Nutzung von Informationen nach den allgemeinen Gesetzen bleiben hiervon unber\u00fchrt. Eine diesbez\u00fcgliche Haftung ist jedoch erst ab dem Zeitpunkt der Kenntnis einer konkreten Rechtsverletzung m\u00f6glich. Bei Bekanntwerden von entsprechenden Rechtsverletzungen werden wir diese Inhalte umgehend entfernen.<\/p>\n","protected":false},"excerpt":{"rendered":"<p>Angaben gem\u00e4\u00df \u00a7 5 TMG: OLIMAR Reisen Vertriebs GmbH Glockengasse 2 50667 K\u00f6ln Vertreten durch: Pascal Zahn Kontakt: Telefon: +49 221 20 590 0 Telefax: +49 221 20 590 599 Email: info@olimar.com Registereintrag: Eintragung im Handelsregister. Registergericht: Amtsgericht K\u00f6ln Registernummer: HRB 52319 Umsatzsteuer-ID: Umsatzsteuer-Identifikationsnummer gem\u00e4\u00df \u00a727 a Umsatzsteuergesetz: DE 234358423 Verantwortlich f\u00fcr den Inhalt nach \u00a7 55 Abs. 2 RStV: Pascal Zahn Haftungsausschluss \/ Haftung f\u00fcr Inhalte: Die Inhalte unserer Seiten wurden mit gr\u00f6\u00dfter Sorgfalt erstellt. F\u00fcr die Richtigkeit, Vollst\u00e4ndigkeit und Aktualit\u00e4t der Inhalte k\u00f6nnen wir jedoch keine Gew\u00e4hr \u00fcbernehmen. Als Diensteanbieter sind wir gem\u00e4\u00df \u00a7 7 Abs.1 TMG f\u00fcr eigene &hellip;<\/p>\n","protected":false},"author":1,"featured_media":0,"parent":0,"menu_order":0,"comment_status":"closed","ping_status":"closed","template":"","meta":{"_crdt_document":"","_lmt_disableupdate":"","_lmt_disable":"","footnotes":""},"class_list":["post-2","page","type-page","status-publish","hentry"],"yoast_head":"<!-- This site is optimized with the Yoast SEO plugin v26.9 - https:\/\/yoast.com\/product\/yoast-seo-wordpress\/ -->\n<title>Impressum der OLIMAR Sonnenseiten<\/title>\n<meta name=\"description\" content=\"Im Impressum der OLIMAR Sonnenseiten haben wir alle wissenswerten Kontaktinformationen anschaulich f\u00fcr Sie zusammengetragen.\" \/>\n<meta name=\"robots\" content=\"index, follow, max-snippet:-1, max-image-preview:large, max-video-preview:-1\" \/>\n<link rel=\"canonical\" href=\"https:\/\/blog.olimar.de\/impressum\/\" \/>\n<meta property=\"og:locale\" content=\"de_DE\" \/>\n<meta property=\"og:type\" content=\"article\" \/>\n<meta property=\"og:title\" content=\"Impressum der OLIMAR Sonnenseiten\" \/>\n<meta property=\"og:description\" content=\"Im Impressum der OLIMAR Sonnenseiten haben wir alle wissenswerten Kontaktinformationen anschaulich f\u00fcr Sie zusammengetragen.\" \/>\n<meta property=\"og:url\" content=\"https:\/\/blog.olimar.de\/impressum\/\" \/>\n<meta property=\"article:publisher\" content=\"https:\/\/www.facebook.com\/OlimarReisen\" \/>\n<meta property=\"article:modified_time\" content=\"2023-08-31T11:32:40+00:00\" \/>\n<meta property=\"og:image\" content=\"https:\/\/blog.olimar.de\/wp-content\/uploads\/2015\/02\/Logo_Favicon_512x512-54f0321ev1_site_icon.png\" \/>\n\t<meta property=\"og:image:width\" content=\"512\" \/>\n\t<meta property=\"og:image:height\" content=\"512\" \/>\n\t<meta property=\"og:image:type\" content=\"image\/png\" \/>\n<meta name=\"twitter:label1\" content=\"Gesch\u00e4tzte Lesezeit\" \/>\n\t<meta name=\"twitter:data1\" content=\"2\u00a0Minuten\" \/>\n<script type=\"application\/ld+json\" class=\"yoast-schema-graph\">{\"@context\":\"https:\/\/schema.org\",\"@graph\":[{\"@type\":\"WebPage\",\"@id\":\"https:\/\/blog.olimar.de\/impressum\/\",\"url\":\"https:\/\/blog.olimar.de\/impressum\/\",\"name\":\"Impressum der OLIMAR Sonnenseiten\",\"isPartOf\":{\"@id\":\"https:\/\/blog.olimar.de\/#website\"},\"datePublished\":\"2014-04-27T09:56:18+00:00\",\"dateModified\":\"2023-08-31T11:32:40+00:00\",\"description\":\"Im Impressum der OLIMAR Sonnenseiten haben wir alle wissenswerten Kontaktinformationen anschaulich f\u00fcr Sie zusammengetragen.\",\"breadcrumb\":{\"@id\":\"https:\/\/blog.olimar.de\/impressum\/#breadcrumb\"},\"inLanguage\":\"de\",\"potentialAction\":[{\"@type\":\"ReadAction\",\"target\":[\"https:\/\/blog.olimar.de\/impressum\/\"]}]},{\"@type\":\"BreadcrumbList\",\"@id\":\"https:\/\/blog.olimar.de\/impressum\/#breadcrumb\",\"itemListElement\":[{\"@type\":\"ListItem\",\"position\":1,\"name\":\"Home\",\"item\":\"https:\/\/blog.olimar.de\/\"},{\"@type\":\"ListItem\",\"position\":2,\"name\":\"Impressum | Sonnenseiten\"}]},{\"@type\":\"WebSite\",\"@id\":\"https:\/\/blog.olimar.de\/#website\",\"url\":\"https:\/\/blog.olimar.de\/\",\"name\":\"OLIMAR.com\",\"description\":\"\",\"publisher\":{\"@id\":\"https:\/\/blog.olimar.de\/#organization\"},\"potentialAction\":[{\"@type\":\"SearchAction\",\"target\":{\"@type\":\"EntryPoint\",\"urlTemplate\":\"https:\/\/blog.olimar.de\/?s={search_term_string}\"},\"query-input\":{\"@type\":\"PropertyValueSpecification\",\"valueRequired\":true,\"valueName\":\"search_term_string\"}}],\"inLanguage\":\"de\"},{\"@type\":\"Organization\",\"@id\":\"https:\/\/blog.olimar.de\/#organization\",\"name\":\"OLIMAR Reisen\",\"url\":\"https:\/\/blog.olimar.de\/\",\"logo\":{\"@type\":\"ImageObject\",\"inLanguage\":\"de\",\"@id\":\"https:\/\/blog.olimar.de\/#\/schema\/logo\/image\/\",\"url\":\"https:\/\/blog.olimar.de\/wp-content\/uploads\/2021\/01\/OLIMAR_Logo_COLOR.png\",\"contentUrl\":\"https:\/\/blog.olimar.de\/wp-content\/uploads\/2021\/01\/OLIMAR_Logo_COLOR.png\",\"width\":2000,\"height\":986,\"caption\":\"OLIMAR Reisen\"},\"image\":{\"@id\":\"https:\/\/blog.olimar.de\/#\/schema\/logo\/image\/\"},\"sameAs\":[\"https:\/\/www.facebook.com\/OlimarReisen\",\"https:\/\/x.com\/olimarrreisen\",\"https:\/\/www.instagram.com\/olimarreisen\",\"https:\/\/www.youtube.com\/user\/olimarreisen\"]}]}<\/script>\n<!-- \/ Yoast SEO plugin. -->","yoast_head_json":{"title":"Impressum der OLIMAR Sonnenseiten","description":"Im Impressum der OLIMAR Sonnenseiten haben wir alle wissenswerten Kontaktinformationen anschaulich f\u00fcr Sie zusammengetragen.","robots":{"index":"index","follow":"follow","max-snippet":"max-snippet:-1","max-image-preview":"max-image-preview:large","max-video-preview":"max-video-preview:-1"},"canonical":"https:\/\/blog.olimar.de\/impressum\/","og_locale":"de_DE","og_type":"article","og_title":"Impressum der OLIMAR Sonnenseiten","og_description":"Im Impressum der OLIMAR Sonnenseiten haben wir alle wissenswerten Kontaktinformationen anschaulich f\u00fcr Sie zusammengetragen.","og_url":"https:\/\/blog.olimar.de\/impressum\/","article_publisher":"https:\/\/www.facebook.com\/OlimarReisen","article_modified_time":"2023-08-31T11:32:40+00:00","og_image":[{"width":512,"height":512,"url":"https:\/\/blog.olimar.de\/wp-content\/uploads\/2015\/02\/Logo_Favicon_512x512-54f0321ev1_site_icon.png","type":"image\/png"}],"twitter_misc":{"Gesch\u00e4tzte Lesezeit":"2\u00a0Minuten"},"schema":{"@context":"https:\/\/schema.org","@graph":[{"@type":"WebPage","@id":"https:\/\/blog.olimar.de\/impressum\/","url":"https:\/\/blog.olimar.de\/impressum\/","name":"Impressum der OLIMAR Sonnenseiten","isPartOf":{"@id":"https:\/\/blog.olimar.de\/#website"},"datePublished":"2014-04-27T09:56:18+00:00","dateModified":"2023-08-31T11:32:40+00:00","description":"Im Impressum der OLIMAR Sonnenseiten haben wir alle wissenswerten Kontaktinformationen anschaulich f\u00fcr Sie zusammengetragen.","breadcrumb":{"@id":"https:\/\/blog.olimar.de\/impressum\/#breadcrumb"},"inLanguage":"de","potentialAction":[{"@type":"ReadAction","target":["https:\/\/blog.olimar.de\/impressum\/"]}]},{"@type":"BreadcrumbList","@id":"https:\/\/blog.olimar.de\/impressum\/#breadcrumb","itemListElement":[{"@type":"ListItem","position":1,"name":"Home","item":"https:\/\/blog.olimar.de\/"},{"@type":"ListItem","position":2,"name":"Impressum | Sonnenseiten"}]},{"@type":"WebSite","@id":"https:\/\/blog.olimar.de\/#website","url":"https:\/\/blog.olimar.de\/","name":"OLIMAR.com","description":"","publisher":{"@id":"https:\/\/blog.olimar.de\/#organization"},"potentialAction":[{"@type":"SearchAction","target":{"@type":"EntryPoint","urlTemplate":"https:\/\/blog.olimar.de\/?s={search_term_string}"},"query-input":{"@type":"PropertyValueSpecification","valueRequired":true,"valueName":"search_term_string"}}],"inLanguage":"de"},{"@type":"Organization","@id":"https:\/\/blog.olimar.de\/#organization","name":"OLIMAR Reisen","url":"https:\/\/blog.olimar.de\/","logo":{"@type":"ImageObject","inLanguage":"de","@id":"https:\/\/blog.olimar.de\/#\/schema\/logo\/image\/","url":"https:\/\/blog.olimar.de\/wp-content\/uploads\/2021\/01\/OLIMAR_Logo_COLOR.png","contentUrl":"https:\/\/blog.olimar.de\/wp-content\/uploads\/2021\/01\/OLIMAR_Logo_COLOR.png","width":2000,"height":986,"caption":"OLIMAR Reisen"},"image":{"@id":"https:\/\/blog.olimar.de\/#\/schema\/logo\/image\/"},"sameAs":["https:\/\/www.facebook.com\/OlimarReisen","https:\/\/x.com\/olimarrreisen","https:\/\/www.instagram.com\/olimarreisen","https:\/\/www.youtube.com\/user\/olimarreisen"]}]}},"_links":{"self":[{"href":"https:\/\/blog.olimar.de\/wp-json\/wp\/v2\/pages\/2","targetHints":{"allow":["GET"]}}],"collection":[{"href":"https:\/\/blog.olimar.de\/wp-json\/wp\/v2\/pages"}],"about":[{"href":"https:\/\/blog.olimar.de\/wp-json\/wp\/v2\/types\/page"}],"author":[{"embeddable":true,"href":"https:\/\/blog.olimar.de\/wp-json\/wp\/v2\/users\/1"}],"replies":[{"embeddable":true,"href":"https:\/\/blog.olimar.de\/wp-json\/wp\/v2\/comments?post=2"}],"version-history":[{"count":5,"href":"https:\/\/blog.olimar.de\/wp-json\/wp\/v2\/pages\/2\/revisions"}],"predecessor-version":[{"id":26588,"href":"https:\/\/blog.olimar.de\/wp-json\/wp\/v2\/pages\/2\/revisions\/26588"}],"wp:attachment":[{"href":"https:\/\/blog.olimar.de\/wp-json\/wp\/v2\/media?parent=2"}],"curies":[{"name":"wp","href":"https:\/\/api.w.org\/{rel}","templated":true}]}}