{"id":58,"date":"2014-10-25T19:52:23","date_gmt":"2014-10-25T17:52:23","guid":{"rendered":"https:\/\/blog.olimar.de\/?page_id=58"},"modified":"2018-03-16T17:50:52","modified_gmt":"2018-03-16T15:50:52","slug":"sonnenseiten-reisemagazin-von-olimar","status":"publish","type":"page","link":"https:\/\/blog.olimar.de\/","title":{"rendered":"Sonnenseiten Reisemagazin von OLIMAR"},"content":{"rendered":"<aside id=\"text-6\" class=\"widget widget_text\">\n<h1 class=\"widget-title\">Sonnenseiten &#8211; das OLIMAR Reisemagazin<\/h1>\n<h3 class=\"widget-title\">Willkommen im Sonnenseiten Reisemagazin von OLIMAR Reisen!<\/h3>\n<div class=\"textwidget\">Im Sonnenseiten Reisemagazin erz\u00e4hlen wir Geschichten aus unseren s\u00fcdeurop\u00e4ischen Reisel\u00e4ndern, informieren \u00fcber Land und Leute, verraten unsere pers\u00f6nlichen Reisetipps und halten Sie \u00fcber Neuigkeiten bei OLIMAR auf dem Laufenden. 2x pro Jahr erscheint erg\u00e4nzend dazu unsere Printausgabe des Sonnenseiten-Magazins. Nebem Wissenswertem und pers\u00f6nlichen Reisetipps zu Portugal finden Sie in unserem Reisemagazin auch viele interessante Artikel \u00fcber Spanien, Italien, Kroatien und unsere weiteren OLIMAR Reisel\u00e4nder. Auch sch\u00f6ne Fotos, Videos und weiterf\u00fchrende n\u00fctzliche Links werden Sie in unserem Reisemagazin finden. Nutzen Sie unser Angebot zur Vorbereitung auf Ihren n\u00e4chsten Urlaub oder zum Schwelgen in Ihren sch\u00f6nsten Urlaubserinnerungen. Die vorgestellten Unterk\u00fcnfte sowie Reisen in die pr\u00e4sentierten Urlaubsregionen wie beispielsweise Madeira, Lissabon, S\u00fcdtirol, Algarve oder Andalusien und viele weitere k\u00f6nnen Sie auf unserer Webseite <a title=\"OLIMAR Reise-Webseite\" href=\"https:\/\/www.olimar.de\">www.olimar.de<\/a> sicher und preiswert online buchen.<\/div>\n<\/aside>\n","protected":false},"excerpt":{"rendered":"<p>Sonnenseiten &#8211; das OLIMAR Reisemagazin Willkommen im Sonnenseiten Reisemagazin von OLIMAR Reisen! Im Sonnenseiten Reisemagazin erz\u00e4hlen wir Geschichten aus unseren s\u00fcdeurop\u00e4ischen Reisel\u00e4ndern, informieren \u00fcber Land und Leute, verraten unsere pers\u00f6nlichen Reisetipps und halten Sie \u00fcber Neuigkeiten bei OLIMAR auf dem Laufenden. 2x pro Jahr erscheint erg\u00e4nzend dazu unsere Printausgabe des Sonnenseiten-Magazins. Nebem Wissenswertem und pers\u00f6nlichen Reisetipps zu Portugal finden Sie in unserem Reisemagazin auch viele interessante Artikel \u00fcber Spanien, Italien, Kroatien und unsere weiteren OLIMAR Reisel\u00e4nder. Auch sch\u00f6ne Fotos, Videos und weiterf\u00fchrende n\u00fctzliche Links werden Sie in unserem Reisemagazin finden. Nutzen Sie unser Angebot zur Vorbereitung auf Ihren n\u00e4chsten Urlaub oder &hellip;<\/p>\n","protected":false},"author":1,"featured_media":3740,"parent":0,"menu_order":0,"comment_status":"open","ping_status":"open","template":"page-templates\/front-page.php","meta":{"_crdt_document":"","_lmt_disableupdate":"","_lmt_disable":"","footnotes":""},"class_list":["post-58","page","type-page","status-publish","has-post-thumbnail","hentry"],"yoast_head":"<!-- This site is optimized with the Yoast SEO plugin v26.9 - https:\/\/yoast.com\/product\/yoast-seo-wordpress\/ -->\n<title>Sonnenseiten - das Reisemagazin von OLIMAR<\/title>\n<meta name=\"description\" content=\"In unserem Reisemagazin finden Sie informative Beitr\u00e4ge, pers\u00f6nliche Tipps &amp; Fotos zu den sch\u00f6nsten Reisezielen S\u00fcdeuropas \u263c. Fernweh garantiert \u2708!\" \/>\n<meta name=\"robots\" content=\"index, follow, max-snippet:-1, max-image-preview:large, max-video-preview:-1\" \/>\n<link rel=\"canonical\" href=\"https:\/\/blog.olimar.de\/\" \/>\n<meta property=\"og:locale\" content=\"de_DE\" \/>\n<meta property=\"og:type\" content=\"article\" \/>\n<meta property=\"og:title\" content=\"Sonnenseiten - das Reisemagazin von OLIMAR\" \/>\n<meta property=\"og:description\" content=\"Autoren, Blogger und OLIMAR Experten berichten \u00fcber ihre Erlebnisse und pers\u00f6nlichen Tipps in den s\u00fcdeurop\u00e4ischen Urlaubsl\u00e4ndern von OLIMAR. Klickt euch durch Fotogalerien, schaut euch Videos an und tauscht euch mit unseren Autoren und anderen Lesern \u00fcber eure eigenen Urlaubserfahrungen und Tipps aus!\" \/>\n<meta property=\"og:url\" content=\"https:\/\/blog.olimar.de\/\" \/>\n<meta property=\"article:publisher\" content=\"https:\/\/www.facebook.com\/OlimarReisen\" \/>\n<meta property=\"article:modified_time\" content=\"2018-03-16T15:50:52+00:00\" \/>\n<meta property=\"og:image\" content=\"https:\/\/i2.wp.com\/blog.olimar.de\/wp-content\/uploads\/2015\/02\/Logo_Favicon_512x512-54f0321ev1_site_icon.png?fit=512%2C512&ssl=1\" \/>\n\t<meta property=\"og:image:width\" content=\"512\" \/>\n\t<meta property=\"og:image:height\" content=\"512\" \/>\n\t<meta property=\"og:image:type\" content=\"image\/png\" \/>\n<meta name=\"twitter:label1\" content=\"Gesch\u00e4tzte Lesezeit\" \/>\n\t<meta name=\"twitter:data1\" content=\"1\u00a0Minute\" \/>\n<script type=\"application\/ld+json\" class=\"yoast-schema-graph\">{\"@context\":\"https:\/\/schema.org\",\"@graph\":[{\"@type\":\"WebPage\",\"@id\":\"https:\/\/blog.olimar.de\/\",\"url\":\"https:\/\/blog.olimar.de\/\",\"name\":\"Sonnenseiten - das Reisemagazin von OLIMAR\",\"isPartOf\":{\"@id\":\"https:\/\/blog.olimar.de\/#website\"},\"primaryImageOfPage\":{\"@id\":\"https:\/\/blog.olimar.de\/#primaryimage\"},\"image\":{\"@id\":\"https:\/\/blog.olimar.de\/#primaryimage\"},\"thumbnailUrl\":\"https:\/\/blog.olimar.de\/wp-content\/uploads\/2016\/02\/Logo_Sonnenseiten_400x400.jpg\",\"datePublished\":\"2014-10-25T17:52:23+00:00\",\"dateModified\":\"2018-03-16T15:50:52+00:00\",\"description\":\"In unserem Reisemagazin finden Sie informative Beitr\u00e4ge, pers\u00f6nliche Tipps & Fotos zu den sch\u00f6nsten Reisezielen S\u00fcdeuropas \u263c. Fernweh garantiert \u2708!\",\"breadcrumb\":{\"@id\":\"https:\/\/blog.olimar.de\/#breadcrumb\"},\"inLanguage\":\"de\",\"potentialAction\":[{\"@type\":\"ReadAction\",\"target\":[\"https:\/\/blog.olimar.de\/\"]}]},{\"@type\":\"ImageObject\",\"inLanguage\":\"de\",\"@id\":\"https:\/\/blog.olimar.de\/#primaryimage\",\"url\":\"https:\/\/blog.olimar.de\/wp-content\/uploads\/2016\/02\/Logo_Sonnenseiten_400x400.jpg\",\"contentUrl\":\"https:\/\/blog.olimar.de\/wp-content\/uploads\/2016\/02\/Logo_Sonnenseiten_400x400.jpg\",\"width\":400,\"height\":400,\"caption\":\"Logo Olimar Reiseblog Sonnenseiten\"},{\"@type\":\"BreadcrumbList\",\"@id\":\"https:\/\/blog.olimar.de\/#breadcrumb\",\"itemListElement\":[{\"@type\":\"ListItem\",\"position\":1,\"name\":\"Home\",\"item\":\"https:\/\/blog.olimar.de\/\"},{\"@type\":\"ListItem\",\"position\":2,\"name\":\"Sonnenseiten Reisemagazin von OLIMAR\"}]},{\"@type\":\"WebSite\",\"@id\":\"https:\/\/blog.olimar.de\/#website\",\"url\":\"https:\/\/blog.olimar.de\/\",\"name\":\"OLIMAR.com\",\"description\":\"\",\"publisher\":{\"@id\":\"https:\/\/blog.olimar.de\/#organization\"},\"potentialAction\":[{\"@type\":\"SearchAction\",\"target\":{\"@type\":\"EntryPoint\",\"urlTemplate\":\"https:\/\/blog.olimar.de\/?s={search_term_string}\"},\"query-input\":{\"@type\":\"PropertyValueSpecification\",\"valueRequired\":true,\"valueName\":\"search_term_string\"}}],\"inLanguage\":\"de\"},{\"@type\":\"Organization\",\"@id\":\"https:\/\/blog.olimar.de\/#organization\",\"name\":\"OLIMAR Reisen\",\"url\":\"https:\/\/blog.olimar.de\/\",\"logo\":{\"@type\":\"ImageObject\",\"inLanguage\":\"de\",\"@id\":\"https:\/\/blog.olimar.de\/#\/schema\/logo\/image\/\",\"url\":\"https:\/\/blog.olimar.de\/wp-content\/uploads\/2021\/01\/OLIMAR_Logo_COLOR.png\",\"contentUrl\":\"https:\/\/blog.olimar.de\/wp-content\/uploads\/2021\/01\/OLIMAR_Logo_COLOR.png\",\"width\":2000,\"height\":986,\"caption\":\"OLIMAR Reisen\"},\"image\":{\"@id\":\"https:\/\/blog.olimar.de\/#\/schema\/logo\/image\/\"},\"sameAs\":[\"https:\/\/www.facebook.com\/OlimarReisen\",\"https:\/\/x.com\/olimarrreisen\",\"https:\/\/www.instagram.com\/olimarreisen\",\"https:\/\/www.youtube.com\/user\/olimarreisen\"]}]}<\/script>\n<!-- \/ Yoast SEO plugin. -->","yoast_head_json":{"title":"Sonnenseiten - das Reisemagazin von OLIMAR","description":"In unserem Reisemagazin finden Sie informative Beitr\u00e4ge, pers\u00f6nliche Tipps & Fotos zu den sch\u00f6nsten Reisezielen S\u00fcdeuropas \u263c. Fernweh garantiert \u2708!","robots":{"index":"index","follow":"follow","max-snippet":"max-snippet:-1","max-image-preview":"max-image-preview:large","max-video-preview":"max-video-preview:-1"},"canonical":"https:\/\/blog.olimar.de\/","og_locale":"de_DE","og_type":"article","og_title":"Sonnenseiten - das Reisemagazin von OLIMAR","og_description":"Autoren, Blogger und OLIMAR Experten berichten \u00fcber ihre Erlebnisse und pers\u00f6nlichen Tipps in den s\u00fcdeurop\u00e4ischen Urlaubsl\u00e4ndern von OLIMAR. Klickt euch durch Fotogalerien, schaut euch Videos an und tauscht euch mit unseren Autoren und anderen Lesern \u00fcber eure eigenen Urlaubserfahrungen und Tipps aus!","og_url":"https:\/\/blog.olimar.de\/","article_publisher":"https:\/\/www.facebook.com\/OlimarReisen","article_modified_time":"2018-03-16T15:50:52+00:00","og_image":[{"width":512,"height":512,"url":"https:\/\/i2.wp.com\/blog.olimar.de\/wp-content\/uploads\/2015\/02\/Logo_Favicon_512x512-54f0321ev1_site_icon.png?fit=512%2C512&ssl=1","type":"image\/png"}],"twitter_misc":{"Gesch\u00e4tzte Lesezeit":"1\u00a0Minute"},"schema":{"@context":"https:\/\/schema.org","@graph":[{"@type":"WebPage","@id":"https:\/\/blog.olimar.de\/","url":"https:\/\/blog.olimar.de\/","name":"Sonnenseiten - das Reisemagazin von OLIMAR","isPartOf":{"@id":"https:\/\/blog.olimar.de\/#website"},"primaryImageOfPage":{"@id":"https:\/\/blog.olimar.de\/#primaryimage"},"image":{"@id":"https:\/\/blog.olimar.de\/#primaryimage"},"thumbnailUrl":"https:\/\/blog.olimar.de\/wp-content\/uploads\/2016\/02\/Logo_Sonnenseiten_400x400.jpg","datePublished":"2014-10-25T17:52:23+00:00","dateModified":"2018-03-16T15:50:52+00:00","description":"In unserem Reisemagazin finden Sie informative Beitr\u00e4ge, pers\u00f6nliche Tipps & Fotos zu den sch\u00f6nsten Reisezielen S\u00fcdeuropas \u263c. Fernweh garantiert \u2708!","breadcrumb":{"@id":"https:\/\/blog.olimar.de\/#breadcrumb"},"inLanguage":"de","potentialAction":[{"@type":"ReadAction","target":["https:\/\/blog.olimar.de\/"]}]},{"@type":"ImageObject","inLanguage":"de","@id":"https:\/\/blog.olimar.de\/#primaryimage","url":"https:\/\/blog.olimar.de\/wp-content\/uploads\/2016\/02\/Logo_Sonnenseiten_400x400.jpg","contentUrl":"https:\/\/blog.olimar.de\/wp-content\/uploads\/2016\/02\/Logo_Sonnenseiten_400x400.jpg","width":400,"height":400,"caption":"Logo Olimar Reiseblog Sonnenseiten"},{"@type":"BreadcrumbList","@id":"https:\/\/blog.olimar.de\/#breadcrumb","itemListElement":[{"@type":"ListItem","position":1,"name":"Home","item":"https:\/\/blog.olimar.de\/"},{"@type":"ListItem","position":2,"name":"Sonnenseiten Reisemagazin von OLIMAR"}]},{"@type":"WebSite","@id":"https:\/\/blog.olimar.de\/#website","url":"https:\/\/blog.olimar.de\/","name":"OLIMAR.com","description":"","publisher":{"@id":"https:\/\/blog.olimar.de\/#organization"},"potentialAction":[{"@type":"SearchAction","target":{"@type":"EntryPoint","urlTemplate":"https:\/\/blog.olimar.de\/?s={search_term_string}"},"query-input":{"@type":"PropertyValueSpecification","valueRequired":true,"valueName":"search_term_string"}}],"inLanguage":"de"},{"@type":"Organization","@id":"https:\/\/blog.olimar.de\/#organization","name":"OLIMAR Reisen","url":"https:\/\/blog.olimar.de\/","logo":{"@type":"ImageObject","inLanguage":"de","@id":"https:\/\/blog.olimar.de\/#\/schema\/logo\/image\/","url":"https:\/\/blog.olimar.de\/wp-content\/uploads\/2021\/01\/OLIMAR_Logo_COLOR.png","contentUrl":"https:\/\/blog.olimar.de\/wp-content\/uploads\/2021\/01\/OLIMAR_Logo_COLOR.png","width":2000,"height":986,"caption":"OLIMAR Reisen"},"image":{"@id":"https:\/\/blog.olimar.de\/#\/schema\/logo\/image\/"},"sameAs":["https:\/\/www.facebook.com\/OlimarReisen","https:\/\/x.com\/olimarrreisen","https:\/\/www.instagram.com\/olimarreisen","https:\/\/www.youtube.com\/user\/olimarreisen"]}]}},"_links":{"self":[{"href":"https:\/\/blog.olimar.de\/wp-json\/wp\/v2\/pages\/58","targetHints":{"allow":["GET"]}}],"collection":[{"href":"https:\/\/blog.olimar.de\/wp-json\/wp\/v2\/pages"}],"about":[{"href":"https:\/\/blog.olimar.de\/wp-json\/wp\/v2\/types\/page"}],"author":[{"embeddable":true,"href":"https:\/\/blog.olimar.de\/wp-json\/wp\/v2\/users\/1"}],"replies":[{"embeddable":true,"href":"https:\/\/blog.olimar.de\/wp-json\/wp\/v2\/comments?post=58"}],"version-history":[{"count":14,"href":"https:\/\/blog.olimar.de\/wp-json\/wp\/v2\/pages\/58\/revisions"}],"predecessor-version":[{"id":19032,"href":"https:\/\/blog.olimar.de\/wp-json\/wp\/v2\/pages\/58\/revisions\/19032"}],"wp:featuredmedia":[{"embeddable":true,"href":"https:\/\/blog.olimar.de\/wp-json\/wp\/v2\/media\/3740"}],"wp:attachment":[{"href":"https:\/\/blog.olimar.de\/wp-json\/wp\/v2\/media?parent=58"}],"curies":[{"name":"wp","href":"https:\/\/api.w.org\/{rel}","templated":true}]}}